{"id":45,"date":"2017-01-27T17:55:10","date_gmt":"2017-01-27T16:55:10","guid":{"rendered":"http:\/\/hp-ernst.de\/wordpress\/?page_id=45"},"modified":"2020-10-24T12:25:55","modified_gmt":"2020-10-24T10:25:55","slug":"ueber-mich","status":"publish","type":"page","link":"https:\/\/hp-ernst.de\/wordpress\/ueber-mich\/","title":{"rendered":"\u00fcber mich"},"content":{"rendered":"<p class=\"bodytext\">Die Fotografie ist seit etwa 1983 eines meiner Hobbies. Seitdem fotografiere ich, wann immer es die Zeit zul\u00e4\u00dft. Und es gibt zehntausend Dinge, die mich vom Fotografieren abhalten. Lange Phasen, in denen meine Kameras in der Ecke liegen und verstauben wechseln sich mit kurzen Phasen ab in denen ich die Zeit finde mit der Kamera umherzuziehen.<\/p>\n<p class=\"bodytext\">Auf spezielle Gebiete der Fotografie habe ich mich nie festgelegt. Das gr\u00f6\u00dfte Interesse liegt aber bei Architektur- Technik- und Sportfotografie. Seit einiger Zeit habe ich den Reiz der Streetphotography entdeckt.<\/p>\n<div class=\"csc-header csc-header-n3\">\n<h3>Fortschritte<\/h3>\n<\/div>\n<div class=\"csc-textpic csc-textpic-intext-right\">\n<div class=\"csc-textpic-imagewrap\">\n<div class=\"csc-textpic-image csc-textpic-last\">\n<table>\n<caption class=\"csc-textpic-caption\">1983 &#8211; Selbstportr\u00e4t mit Zeiss-Ikon<\/caption>\n<tbody>\n<tr>\n<td><a class=\"lightbox cboxElement\" href=\"http:\/\/hp-ernst.de\/typo3_1\/fileadmin\/_migrated\/pics\/1983_HP_mit_Zeiss-Ikon_01.jpg\" rel=\"lightbox[50]\"><img loading=\"lazy\" decoding=\"async\" src=\"http:\/\/hp-ernst.de\/typo3_1\/fileadmin\/_migrated\/pics\/1983_HP_mit_Zeiss-Ikon_01.jpg\" alt=\"\" width=\"179\" height=\"400\" border=\"0\"><\/a><\/td>\n<\/tr>\n<\/tbody>\n<\/table>\n<\/div>\n<\/div>\n<div class=\"csc-textpic-text\">\n<p class=\"bodytext\">Irgendwann, einige Jahre sp\u00e4ter, bekam ich eine Kleinbildsucherkamera von meinem Gro\u00dfvater geschenkt: eine Zeiss-Ikon mit Belichtungsmesser und Zeitautomatik (Blendenvorwahl). Damit habe ich dann schon mehr Spa\u00df am Fotografieren entwickelt.<\/p>\n<p class=\"bodytext\"><img loading=\"lazy\" decoding=\"async\" class=\"alignleft size-medium wp-image-234\" src=\"http:\/\/hp-ernst.de\/wordpress\/wp-content\/uploads\/2017\/01\/DSC_0023-300x200.jpg\" alt=\"\" width=\"300\" height=\"200\" srcset=\"https:\/\/hp-ernst.de\/wordpress\/wp-content\/uploads\/2017\/01\/DSC_0023-300x200.jpg 300w, https:\/\/hp-ernst.de\/wordpress\/wp-content\/uploads\/2017\/01\/DSC_0023-768x511.jpg 768w, https:\/\/hp-ernst.de\/wordpress\/wp-content\/uploads\/2017\/01\/DSC_0023-1024x682.jpg 1024w, https:\/\/hp-ernst.de\/wordpress\/wp-content\/uploads\/2017\/01\/DSC_0023-210x140.jpg 210w, https:\/\/hp-ernst.de\/wordpress\/wp-content\/uploads\/2017\/01\/DSC_0023-1536x1022.jpg 1536w, https:\/\/hp-ernst.de\/wordpress\/wp-content\/uploads\/2017\/01\/DSC_0023.jpg 1600w\" sizes=\"auto, (max-width: 300px) 100vw, 300px\" \/><\/p>\n<p class=\"bodytext\">Nach einem Wochenendausflug mit Freunden nach Paris war klar es musste eine Spiegelreflex her. Nur welche? Schwierige Entscheidung. Alle meine Freunde hatten die Canon AE-1 (Blendenautomat!). Der lag mir ja gar nicht. Die Alternative die Nikon FE. Simon &amp; Garfunkel sangen in ihrem Konzert im Central Park Kodachrome &#8222;<i>I &#8218;ve got a Nikon Camera&#8230;.<\/i>&#8222;.<\/p>\n<p class=\"bodytext\">Da war die Entscheidung fast gefallen. Ausschlag gab dann ein Besuch bei Photo Brell in Bonn. Auf meine Frage welches die bessere Kamera sei, Nikon FE oder Canon AE-1 nahm der Verk\u00e4ufer die Nikon aus dem Regal und h\u00e4mmerte sie mit voller Wucht auf den massiven Verkaufstresen. Er sagte lapidar: &#8222;Das k\u00f6nnen Sie nur mit der Nikon machen!&#8220; Ich war \u00fcberzeugt!<\/p>\n<p class=\"bodytext\">Ich verlie\u00df den Laden, ging schr\u00e4g \u00fcber den Bonner Marktplatz zu ProPhoto, legte 538,&#8211; DM auf den Tisch und ging mit meiner Nikon FE stolz nach Hause. Nur, ein Objektiv hatte ich noch nicht. Daf\u00fcr hat dann das Geld nicht mehr gereicht. Aber 3 Monate sp\u00e4ter war Weihnachten.<\/p>\n<div id=\"left\">\n<div id=\"c48\" class=\"csc-default\">\n<div class=\"csc-header csc-header-n4\">\n<h3>Eintritt ins digitale Zeitalter<\/h3>\n<\/div>\n<div class=\"csc-textpic-text\">\n<p class=\"bodytext\">2005 begann f\u00fcr mich das Zeitalter der Digitalfotografie. Lange hatte ich schon die Entwicklung der digitalen Spiegelreflexkameras verfolgt. Und das was bis dahin auf dem Markt war, war au\u00dferhalb der finanziellen Reichweite. Mit der Nikon D70 gab es dann endliche eine bezahlbare Kamera, die eine der FE, der FM2 und der F90 vergleichbare Qualit\u00e4t bot.<\/p>\n<p class=\"bodytext\">Der Nachteil: von dem Tag an als ich die D70 in den H\u00e4nden hatte, setzten alle meine analogen Bodies Staub an. Die D70 lag gut in der Hand und erwies sich vom ersten Tag an als solides, zuverl\u00e4ssiges Werkzeug, das mir die problemlose Umsetzung meiner Ideen erlaubte.<\/p>\n<\/div>\n<\/div>\n<div id=\"c49\" class=\"csc-default csc-space-before-30\">\n<div class=\"csc-textpic-text\">&nbsp;<\/div>\n<\/div>\n<\/div>\n<\/div>\n<\/div>\n\n\n<h2 class=\"wp-block-heading\">Steigende Anspr\u00fcche<\/h2>\n\n\n\n<p>Das Photographieren in dunklen Sporthallen lie\u00df in mir irgendwann den Wunsch nach einer Kamera mit rauscharmen und lichtempfindlichem Sensor entstehen. Und Kleinbildvollformat sollte es auch sein.<\/p>\n\n\n\n<p>So kam dann Ende 2009 die Nikon D700 ins Haus. Der angenehme Nebeneffekt: ich konnte meine alten, bis dahin vernachl\u00e4ssigten manuellen Nikkor-Sch\u00e4tzchen, allen voran das 85mm f2.0 und das 105mm f2,5 wieder an der Kamera einsetzen, da diesen den mechanischen Blendenmitnahmering besitzt.<\/p>\n","protected":false},"excerpt":{"rendered":"<p>Die Fotografie ist seit etwa 1983 eines meiner Hobbies. Seitdem fotografiere ich, wann immer es die Zeit zul\u00e4\u00dft. Und es gibt zehntausend Dinge, die mich vom Fotografieren abhalten. Lange Phasen, in denen meine Kameras in der Ecke liegen und verstauben wechseln sich mit kurzen Phasen ab in denen ich die Zeit finde mit der Kamera [&hellip;]<\/p>\n","protected":false},"author":1,"featured_media":0,"parent":0,"menu_order":0,"comment_status":"closed","ping_status":"closed","template":"","meta":{"footnotes":""},"class_list":["post-45","page","type-page","status-publish","hentry"],"_links":{"self":[{"href":"https:\/\/hp-ernst.de\/wordpress\/wp-json\/wp\/v2\/pages\/45","targetHints":{"allow":["GET"]}}],"collection":[{"href":"https:\/\/hp-ernst.de\/wordpress\/wp-json\/wp\/v2\/pages"}],"about":[{"href":"https:\/\/hp-ernst.de\/wordpress\/wp-json\/wp\/v2\/types\/page"}],"author":[{"embeddable":true,"href":"https:\/\/hp-ernst.de\/wordpress\/wp-json\/wp\/v2\/users\/1"}],"replies":[{"embeddable":true,"href":"https:\/\/hp-ernst.de\/wordpress\/wp-json\/wp\/v2\/comments?post=45"}],"version-history":[{"count":24,"href":"https:\/\/hp-ernst.de\/wordpress\/wp-json\/wp\/v2\/pages\/45\/revisions"}],"predecessor-version":[{"id":1353,"href":"https:\/\/hp-ernst.de\/wordpress\/wp-json\/wp\/v2\/pages\/45\/revisions\/1353"}],"wp:attachment":[{"href":"https:\/\/hp-ernst.de\/wordpress\/wp-json\/wp\/v2\/media?parent=45"}],"curies":[{"name":"wp","href":"https:\/\/api.w.org\/{rel}","templated":true}]}}